{"id":7501,"date":"2023-02-15T22:04:15","date_gmt":"2023-02-16T01:04:15","guid":{"rendered":"https:\/\/www.campolina.org.br\/?page_id=7501"},"modified":"2026-03-27T14:16:41","modified_gmt":"2026-03-27T14:16:41","slug":"transparencia","status":"publish","type":"page","link":"https:\/\/campolina.org.br\/novo\/transparencia\/","title":{"rendered":"Transpar\u00eancia"},"content":{"rendered":"\n<section class=\"acesso-rapido\">\n<div class=\"transp\">\n<div class=\"row justify-content-center\">\n<div class=\"col-6 col-lg-4\">\n                <a href=\"https:\/\/campolina.org.br\/novo\/wp-content\/uploads\/2026\/03\/EDITAL-DE-CONVOCACAO-ASSEMBLEIA-ORDINARIA-abr-26.pdf\" target=\"_blank\"><\/p>\n<p class=\"icon-rapido\"><i class=\"fas fa-bullhorn\"><\/i><\/p>\n<p class=\"texto-rapido\">Edital de Convoca\u00e7\u00e3o Assembleia Geral Ordin\u00e1ria 26\/04\/2026<\/p>\n<p>                <\/a>\n            <\/div>\n<div class=\"col-6 col-lg-4\">\n                <a href=\"https:\/\/campolina.org.br\/novo\/wp-content\/uploads\/2021\/10\/relatoriogerencial.pdf\" target=\"_blank\"><\/p>\n<p class=\"icon-rapido\"><i class=\"fas fa-receipt\"><\/i><\/p>\n<p class=\"texto-rapido\">Relat\u00f3rio Gerencial 2016 &#8211; 2019<\/p>\n<p>                <\/a>\n            <\/div>\n<div class=\"col-6 col-lg-4\">\n                <a href=\"https:\/\/campolina.org.br\/novo\/wp-content\/uploads\/2024\/11\/Relatorio-Gerencial-ABCC-redes-sociais-2019-2024.pdf\" target=\"_blank\"><\/p>\n<p class=\"icon-rapido\"><i class=\"fas fa-receipt\"><\/i><\/p>\n<p class=\"texto-rapido\">Relat\u00f3rio Gerencial 2019 &#8211; 2024<\/p>\n<p>                <\/a>\n            <\/div>\n<div class=\"col-6 col-lg-4\">\n                <a href=\"https:\/\/campolina.org.br\/novo\/wp-content\/uploads\/2025\/02\/Ata-de-Reuniao-do-Conselho-Deliberativo-Administrativo-29-01-25.pdf\" target=\"_blank\"><\/p>\n<p class=\"icon-rapido\"><i class=\"fas fa-users\"><\/i><\/p>\n<p class=\"texto-rapido\">Ata de Reuni\u00e3o do Conselho Deliberativo Administrativo &#8211; 29-01-25<\/p>\n<p>                <\/a>\n            <\/div>\n<\/p><\/div>\n<\/p><\/div>\n<\/section>\n","protected":false},"excerpt":{"rendered":"<p>Edital de Convoca\u00e7\u00e3o Assembleia Geral Ordin\u00e1ria 26\/04\/2026 Relat\u00f3rio Gerencial 2016 &#8211; 2019 Relat\u00f3rio Gerencial 2019 &#8211; 2024 Ata de Reuni\u00e3o do Conselho Deliberativo Administrativo &#8211; 29-01-25<\/p>\n","protected":false},"author":1,"featured_media":0,"parent":0,"menu_order":0,"comment_status":"closed","ping_status":"closed","template":"","meta":{"_kad_post_transparent":"default","_kad_post_title":"default","_kad_post_layout":"default","_kad_post_sidebar_id":"","_kad_post_content_style":"default","_kad_post_vertical_padding":"default","_kad_post_feature":"","_kad_post_feature_position":"","_kad_post_header":false,"_kad_post_footer":false,"_kad_post_classname":"","footnotes":""},"class_list":["post-7501","page","type-page","status-publish","hentry"],"_hostinger_reach_plugin_has_subscription_block":false,"_hostinger_reach_plugin_is_elementor":false,"_links":{"self":[{"href":"https:\/\/campolina.org.br\/novo\/wp-json\/wp\/v2\/pages\/7501","targetHints":{"allow":["GET"]}}],"collection":[{"href":"https:\/\/campolina.org.br\/novo\/wp-json\/wp\/v2\/pages"}],"about":[{"href":"https:\/\/campolina.org.br\/novo\/wp-json\/wp\/v2\/types\/page"}],"author":[{"embeddable":true,"href":"https:\/\/campolina.org.br\/novo\/wp-json\/wp\/v2\/users\/1"}],"replies":[{"embeddable":true,"href":"https:\/\/campolina.org.br\/novo\/wp-json\/wp\/v2\/comments?post=7501"}],"version-history":[{"count":9,"href":"https:\/\/campolina.org.br\/novo\/wp-json\/wp\/v2\/pages\/7501\/revisions"}],"predecessor-version":[{"id":16113,"href":"https:\/\/campolina.org.br\/novo\/wp-json\/wp\/v2\/pages\/7501\/revisions\/16113"}],"wp:attachment":[{"href":"https:\/\/campolina.org.br\/novo\/wp-json\/wp\/v2\/media?parent=7501"}],"curies":[{"name":"wp","href":"https:\/\/api.w.org\/{rel}","templated":true}]}}