{"id":713,"date":"2021-10-21T09:50:33","date_gmt":"2021-10-21T12:50:33","guid":{"rendered":"https:\/\/abcc.benta.digital\/?page_id=713"},"modified":"2026-02-09T17:29:20","modified_gmt":"2026-02-09T17:29:20","slug":"manual-de-marca","status":"publish","type":"page","link":"https:\/\/campolina.org.br\/novo\/manual-de-marca\/","title":{"rendered":"Manual de Marca"},"content":{"rendered":"\n<section class=\"cdt\">\n<h5>TIPOGRAFIA<\/h5>\n<p>A <b>Asap<\/b>\u00a0\u00e9 a tipografia de apoio para <strong>textos corridos.<\/strong><\/p>\n<p>A <strong>Cormorant<\/strong> \u00e9 a tipografia usada nos <strong>t\u00edtulos<\/strong>, em<strong> cita\u00e7\u00f5es<\/strong> ou no <strong>corpo de textos formais<\/strong>.<\/p>\n<p>\u00a0<\/p>\n<div class=\"container cores-container\">\n<h4 class=\"cores-titulo\">CORES<\/h4>\n<div class=\"row\">\n<div class=\"col col-12 col-lg-4 cores-box feno\">\n<h2>FENO<\/h2>\n<p>\n                CMYK: 0% \/ 5% \/ 15% \/ 0%<br \/>\n                RGB: 255 \/ 241 \/ 218<br \/>\n                #FFF1DA\n            <\/p>\n<\/p><\/div>\n<div class=\"col col-12 col-lg-8\">\n<div class=\"row\">\n<div class=\"col col-12 cores-box couro\">\n<h2>COURO<\/h2>\n<p>\n                    CMYK: 0% \/ 35% \/ 55% \/ 14%<br \/>\n                    RGB: 219 \/ 142 \/ 98<br \/>\n                    #DB8F62\n                <\/p>\n<\/p><\/div>\n<div class=\"col col-12 col-lg-6 cores-box gramado\">\n<h2>GRAMADO<\/h2>\n<p>\n                        CMYK: 83% \/ 6% \/ 0% \/ 75%<br \/>\n                        RGB: 11 \/ 59 \/ 63<br \/>\n                        #0B3C40\n                    <\/p>\n<\/p><\/div>\n<div class=\"col col-12 col-lg-6 cores-box tonus\">\n<h2>T\u00d4NUS<\/h2>\n<p>\n                        CMYK: 0% \/ 12% \/ 9% \/ 87%<br \/>\n                        RGB: 33 \/ 29 \/ 31<br \/>\n                        #221E1F\n                    <\/p>\n<\/p><\/div>\n<\/p><\/div>\n<\/p><\/div>\n<\/p><\/div>\n<\/div>\n<h4 class=\"cores-titulo\">APLICA\u00c7\u00c3O<\/h4>\n<p>Podem ser feitas varia\u00e7\u00f5es dentro da tabela de cores, por favor, enviar para aprova\u00e7\u00e3o da ABCC.<\/p>\n<p><img decoding=\"async\" src=\"https:\/\/campolina.org.br\/novo\/wp-content\/uploads\/2025\/03\/01.jpeg\" alt=\"\" width=\"100%\" height=\"auto\" \/><br \/>\n<img decoding=\"async\" src=\"https:\/\/campolina.org.br\/novo\/wp-content\/uploads\/2025\/03\/02.jpeg\" alt=\"\" width=\"100%\" height=\"auto\" \/><br \/>\n<img decoding=\"async\" src=\"https:\/\/campolina.org.br\/novo\/wp-content\/uploads\/2025\/03\/03.jpeg\" alt=\"\" width=\"100%\" height=\"auto\" \/><br \/>\n<img decoding=\"async\" src=\"https:\/\/campolina.org.br\/novo\/wp-content\/uploads\/2025\/03\/04.jpeg\" alt=\"\" width=\"100%\" height=\"auto\" \/><br \/>\n<img decoding=\"async\" src=\"https:\/\/campolina.org.br\/novo\/wp-content\/uploads\/2025\/03\/05.jpeg\" alt=\"\" width=\"100%\" height=\"auto\" \/><\/p>\n<p>\t\t\t\t\t<a href=\"https:\/\/campolina.org.br\/novo\/wp-content\/uploads\/2025\/03\/novo-manual.pdf\" class=\"btn btn-success btn-1 centraliza\" target=\"_blank\">Download Arquivo Vetorial<\/a><\/p>\n<h4 class=\"cores-titulo\">Dimens\u00f5es do An\u00fancio do Topo do site<\/h4>\n<p>\t\t\t\t\t\t\t\t\t\t\t\t\t\t\t<img loading=\"lazy\" decoding=\"async\" width=\"800\" height=\"450\" src=\"https:\/\/campolina.org.br\/novo\/wp-content\/uploads\/2021\/12\/medida-banner-topo-1024x576.png\" alt=\"\" srcset=\"https:\/\/www.campolina.org.br\/wp-content\/uploads\/2021\/12\/medida-banner-topo-1024x576.png 1024w, https:\/\/www.campolina.org.br\/wp-content\/uploads\/2021\/12\/medida-banner-topo-300x169.png 300w, https:\/\/www.campolina.org.br\/wp-content\/uploads\/2021\/12\/medida-banner-topo-768x432.png 768w, https:\/\/www.campolina.org.br\/wp-content\/uploads\/2021\/12\/medida-banner-topo-1536x864.png 1536w, https:\/\/www.campolina.org.br\/wp-content\/uploads\/2021\/12\/medida-banner-topo-600x338.png 600w, https:\/\/www.campolina.org.br\/wp-content\/uploads\/2021\/12\/medida-banner-topo.png 1920w\" sizes=\"auto, (max-width: 800px) 100vw, 800px\" \/>\t\t\t\t\t\t\t\t\t\t\t\t\t\t\t<\/p>\n<p>Sendo a \u00e1rea mais escura a \u00e1rea de maior visualiza\u00e7\u00e3o em dispositivos m\u00f3veis.\u00a0<br \/>Investimento: <br \/>S\u00f3cios &#8211; R$250,00<br \/>N\u00e3o S\u00f3cios &#8211; R$500,00<\/p>\n<h4 class=\"cores-titulo\">Dimens\u00f5es do An\u00fancio da Se\u00e7\u00e3o de Eventos<\/h4>\n<p>\t\t\t\t\t\t\t\t\t\t\t\t\t\t\t<img loading=\"lazy\" decoding=\"async\" src=\"https:\/\/campolina.org.br\/novo\/wp-content\/uploads\/2026\/02\/AREA-EVENTOS-NOVA-300x300.png\" alt=\"\" width=\"300\" height=\"300\" class=\"alignnone size-medium wp-image-15656\" srcset=\"https:\/\/campolina.org.br\/novo\/wp-content\/uploads\/2026\/02\/AREA-EVENTOS-NOVA-300x300.png 300w, https:\/\/campolina.org.br\/novo\/wp-content\/uploads\/2026\/02\/AREA-EVENTOS-NOVA-150x150.png 150w, https:\/\/campolina.org.br\/novo\/wp-content\/uploads\/2026\/02\/AREA-EVENTOS-NOVA-768x768.png 768w, https:\/\/campolina.org.br\/novo\/wp-content\/uploads\/2026\/02\/AREA-EVENTOS-NOVA.png 1024w\" sizes=\"auto, (max-width: 300px) 100vw, 300px\" \/>\t\t\t\t\t\t\t\t\t\t\t\t\t\t\t<\/p>\n<p>Sendo a \u00e1rea mais escura a \u00e1rea de maior visualiza\u00e7\u00e3o em dispositivos m\u00f3veis.<\/p>\n<\/section>\n","protected":false},"excerpt":{"rendered":"<p>TIPOGRAFIA A Asap\u00a0\u00e9 a tipografia de apoio para textos corridos. A Cormorant \u00e9 a tipografia usada nos t\u00edtulos, em cita\u00e7\u00f5es ou no corpo de textos formais. \u00a0 CORES FENO CMYK: 0% \/ 5% \/ 15% \/ 0% RGB: 255 \/ 241 \/ 218 #FFF1DA COURO CMYK: 0% \/ 35% \/ 55% \/ 14% RGB: 219&#8230;<\/p>\n","protected":false},"author":1,"featured_media":0,"parent":0,"menu_order":0,"comment_status":"closed","ping_status":"closed","template":"","meta":{"_kad_post_transparent":"default","_kad_post_title":"default","_kad_post_layout":"default","_kad_post_sidebar_id":"","_kad_post_content_style":"default","_kad_post_vertical_padding":"default","_kad_post_feature":"","_kad_post_feature_position":"","_kad_post_header":false,"_kad_post_footer":false,"_kad_post_classname":"","footnotes":""},"class_list":["post-713","page","type-page","status-publish","hentry"],"_hostinger_reach_plugin_has_subscription_block":false,"_hostinger_reach_plugin_is_elementor":false,"_links":{"self":[{"href":"https:\/\/campolina.org.br\/novo\/wp-json\/wp\/v2\/pages\/713","targetHints":{"allow":["GET"]}}],"collection":[{"href":"https:\/\/campolina.org.br\/novo\/wp-json\/wp\/v2\/pages"}],"about":[{"href":"https:\/\/campolina.org.br\/novo\/wp-json\/wp\/v2\/types\/page"}],"author":[{"embeddable":true,"href":"https:\/\/campolina.org.br\/novo\/wp-json\/wp\/v2\/users\/1"}],"replies":[{"embeddable":true,"href":"https:\/\/campolina.org.br\/novo\/wp-json\/wp\/v2\/comments?post=713"}],"version-history":[{"count":10,"href":"https:\/\/campolina.org.br\/novo\/wp-json\/wp\/v2\/pages\/713\/revisions"}],"predecessor-version":[{"id":15678,"href":"https:\/\/campolina.org.br\/novo\/wp-json\/wp\/v2\/pages\/713\/revisions\/15678"}],"wp:attachment":[{"href":"https:\/\/campolina.org.br\/novo\/wp-json\/wp\/v2\/media?parent=713"}],"curies":[{"name":"wp","href":"https:\/\/api.w.org\/{rel}","templated":true}]}}