{"id":698,"date":"2021-10-21T01:29:24","date_gmt":"2021-10-21T04:29:24","guid":{"rendered":"https:\/\/abcc.benta.digital\/?page_id=698"},"modified":"2026-02-09T16:12:44","modified_gmt":"2026-02-09T16:12:44","slug":"formularios","status":"publish","type":"page","link":"https:\/\/campolina.org.br\/novo\/formularios\/","title":{"rendered":"Formul\u00e1rios"},"content":{"rendered":"\n<section class=\"acesso-rapido\">\n<div class=\"transp\">\n<div class=\"row justify-content-center\">\n<div class=\"col-6 col-lg-4\">\n                <a href=\"https:\/\/campolina.org.br\/novo\/wp-content\/uploads\/2021\/11\/ModeloControlePotro.pdf\" target=\"_blank\"><\/p>\n<p class=\"icon-rapido\"><i class=\"fas fa-file-pdf\"><\/i><\/p>\n<p class=\"texto-rapido\">Modelo Controle de Produtos<\/p>\n<p>                <\/a>\n            <\/div>\n<div class=\"col-6 col-lg-4\">\n                <a href=\"https:\/\/campolina.org.br\/novo\/wp-content\/uploads\/2021\/10\/INSPETORES-MODELORELATORIOENTRADADEPISTA.xlsx\" target=\"_blank\"><\/p>\n<p class=\"icon-rapido\"><i class=\"fas fa-file-pdf\"><\/i><\/p>\n<p class=\"texto-rapido\">Modelo Relat\u00f3rio Entrada de Pista<\/p>\n<p>                <\/a>\n            <\/div>\n<div class=\"col-6 col-lg-4\">\n                <a href=\"https:\/\/campolina.org.br\/novo\/wp-content\/uploads\/2021\/11\/ModeloRetificacaoResenha.pdf\" target=\"_blank\"><\/p>\n<p class=\"icon-rapido\"><i class=\"fas fa-file-pdf\"><\/i><\/p>\n<p class=\"texto-rapido\">Modelo Retifica\u00e7\u00e3o de Resenha<\/p>\n<p>                <\/a>\n            <\/div>\n<div class=\"col-6 col-lg-4\">\n                <a href=\"https:\/\/campolina.org.br\/novo\/wp-content\/uploads\/2021\/10\/INSPETORES-RelatoriomensaldeAtendimento-1.xlsx\" target=\"_blank\"><\/p>\n<p class=\"icon-rapido\"><i class=\"fas fa-file-pdf\"><\/i><\/p>\n<p class=\"texto-rapido\">Modelo Mensal de Atendimento<\/p>\n<p>                <\/a>\n            <\/div>\n<div class=\"col-6 col-lg-4\">\n                <a href=\"https:\/\/campolina.org.br\/novo\/wp-content\/uploads\/2021\/10\/JURADOS-MODELORELATORIOJULGAMENTO.xlsx\" target=\"_blank\"><\/p>\n<p class=\"icon-rapido\"><i class=\"fas fa-file-pdf\"><\/i><\/p>\n<p class=\"texto-rapido\">Modelo Relat\u00f3rio de Julgamento<\/p>\n<p>                <\/a>\n            <\/div>\n<div class=\"col-6 col-lg-4\">\n                <a href=\"https:\/\/campolina.org.br\/novo\/wp-content\/uploads\/2021\/10\/MODELOCOMUNICACAODEMORTE.xlsx\" target=\"_blank\"><\/p>\n<p class=\"icon-rapido\"><i class=\"fas fa-file-pdf\"><\/i><\/p>\n<p class=\"texto-rapido\">Modelo Comunica\u00e7\u00e3o de Morte<\/p>\n<p>                <\/a>\n            <\/div>\n<div class=\"col-6 col-lg-4\">\n                <a href=\"https:\/\/campolina.org.br\/novo\/wp-content\/uploads\/2021\/11\/ModeloPedido2Via.pdf\" target=\"_blank\"><\/p>\n<p class=\"icon-rapido\"><i class=\"fas fa-file-pdf\"><\/i><\/p>\n<p class=\"texto-rapido\">Modelo Pedido de 2\u00aa Via<\/p>\n<p>                <\/a>\n            <\/div>\n<div class=\"col-6 col-lg-4\">\n                <a href=\"https:\/\/campolina.org.br\/novo\/wp-content\/uploads\/2021\/11\/SolicitacaoEventos.pdf\" target=\"_blank\"><\/p>\n<p class=\"icon-rapido\"><i class=\"fas fa-file-pdf\"><\/i><\/p>\n<p class=\"texto-rapido\">Solicita\u00e7\u00e3o de Eventos<\/p>\n<p>                <\/a>\n            <\/div>\n<div class=\"col-6 col-lg-4\">\n                <a href=\"https:\/\/campolina.org.br\/novo\/wp-content\/uploads\/2021\/11\/FormularioCredito.pdf\" target=\"_blank\"><\/p>\n<p class=\"icon-rapido\"><i class=\"fas fa-file-pdf\"><\/i><\/p>\n<p class=\"texto-rapido\">Formul\u00e1rio Cr\u00e9dito ABCC<\/p>\n<p>                <\/a>\n            <\/div>\n<div class=\"col-6 col-lg-4\">\n                <a href=\"https:\/\/campolina.org.br\/novo\/wp-content\/uploads\/2025\/09\/Proposta-de-Socio-ABCCC-2025.pdf\" target=\"_blank\"><\/p>\n<p class=\"icon-rapido\"><i class=\"fas fa-file-pdf\"><\/i><\/p>\n<p class=\"texto-rapido\">Proposta para Associar<\/p>\n<p>                <\/a>\n            <\/div>\n<div class=\"col-6 col-lg-4\">\n                <a href=\"https:\/\/campolina.org.br\/novo\/wp-content\/uploads\/2021\/11\/Modelo-de-Contrato-para-Condominio.docx\" target=\"_blank\"><\/p>\n<p class=\"icon-rapido\"><i class=\"fas fa-file-pdf\"><\/i><\/p>\n<p class=\"texto-rapido\">Modelo de Contrato para Condom\u00ednio<\/p>\n<p>                <\/a>\n            <\/div>\n<\/p><\/div>\n<\/p><\/div>\n<\/section>\n","protected":false},"excerpt":{"rendered":"<p>Modelo Controle de Produtos Modelo Relat\u00f3rio Entrada de Pista Modelo Retifica\u00e7\u00e3o de Resenha Modelo Mensal de Atendimento Modelo Relat\u00f3rio de Julgamento Modelo Comunica\u00e7\u00e3o de Morte Modelo Pedido de 2\u00aa Via Solicita\u00e7\u00e3o de Eventos Formul\u00e1rio Cr\u00e9dito ABCC Proposta para Associar Modelo de Contrato para Condom\u00ednio<\/p>\n","protected":false},"author":1,"featured_media":0,"parent":0,"menu_order":0,"comment_status":"closed","ping_status":"closed","template":"","meta":{"_kad_post_transparent":"default","_kad_post_title":"default","_kad_post_layout":"default","_kad_post_sidebar_id":"","_kad_post_content_style":"default","_kad_post_vertical_padding":"default","_kad_post_feature":"","_kad_post_feature_position":"","_kad_post_header":false,"_kad_post_footer":false,"_kad_post_classname":"","footnotes":""},"class_list":["post-698","page","type-page","status-publish","hentry"],"_hostinger_reach_plugin_has_subscription_block":false,"_hostinger_reach_plugin_is_elementor":false,"_links":{"self":[{"href":"https:\/\/campolina.org.br\/novo\/wp-json\/wp\/v2\/pages\/698","targetHints":{"allow":["GET"]}}],"collection":[{"href":"https:\/\/campolina.org.br\/novo\/wp-json\/wp\/v2\/pages"}],"about":[{"href":"https:\/\/campolina.org.br\/novo\/wp-json\/wp\/v2\/types\/page"}],"author":[{"embeddable":true,"href":"https:\/\/campolina.org.br\/novo\/wp-json\/wp\/v2\/users\/1"}],"replies":[{"embeddable":true,"href":"https:\/\/campolina.org.br\/novo\/wp-json\/wp\/v2\/comments?post=698"}],"version-history":[{"count":2,"href":"https:\/\/campolina.org.br\/novo\/wp-json\/wp\/v2\/pages\/698\/revisions"}],"predecessor-version":[{"id":15648,"href":"https:\/\/campolina.org.br\/novo\/wp-json\/wp\/v2\/pages\/698\/revisions\/15648"}],"wp:attachment":[{"href":"https:\/\/campolina.org.br\/novo\/wp-json\/wp\/v2\/media?parent=698"}],"curies":[{"name":"wp","href":"https:\/\/api.w.org\/{rel}","templated":true}]}}