{"id":674,"date":"2021-10-21T01:13:43","date_gmt":"2021-10-21T04:13:43","guid":{"rendered":"https:\/\/abcc.benta.digital\/?page_id=674"},"modified":"2025-12-10T18:21:12","modified_gmt":"2025-12-10T18:21:12","slug":"clubes-e-nucleos","status":"publish","type":"page","link":"https:\/\/campolina.org.br\/novo\/clubes-e-nucleos\/","title":{"rendered":"Clubes e N\u00facleos"},"content":{"rendered":"\n<section class=\"clubes\">\n<div class=\"row\">\n<div class=\"col-12 col-lg-4\">\n            <img decoding=\"async\" class=\"mapa-nuc\" src=\"https:\/\/campolina.org.br\/novo\/wp-content\/uploads\/2025\/12\/ba.png\"\n                alt=\"N\u00facleos Bahia\" \/><\/p>\n<h2 class=\"tit-nuc\"><strong>Bahia<\/strong><\/h2>\n<p>Assoc. dos Criad. do Cavalo Campolina da Bahia \u2013 ACCCBA<br \/>Presidente: Jorge Lopes Bulos<br \/>Tel: (75) 99977-0085\n            <\/p>\n<\/p><\/div>\n<div class=\"col-12 col-lg-4\">\n            <img decoding=\"async\" class=\"mapa-nuc\" src=\"https:\/\/campolina.org.br\/novo\/wp-content\/uploads\/2025\/12\/df.png\"\n                alt=\"N\u00facleos Bras\u00edlia\" \/><\/p>\n<h2 class=\"tit-nuc\"><strong>Bras\u00edlia<\/strong><\/h2>\n<p>N\u00facleo dos Criadores do Cavalo Campolina Brasil Central<br \/>Edgar Sales de Barros<br \/>(61) 98439-0346<\/p>\n<\/p><\/div>\n<div class=\"col-12 col-lg-4\">\n            <img decoding=\"async\" class=\"mapa-nuc\" src=\"https:\/\/campolina.org.br\/novo\/wp-content\/uploads\/2025\/12\/ce.png\"\n                alt=\"N\u00facleos Cear\u00e1\" \/><\/p>\n<h2 class=\"tit-nuc\"><strong>Cear\u00e1<\/strong><\/h2>\n<p>N\u00facleo Jangadeiro do Cavalo Campolina<br \/>Francisco Feitosa Vilar Filho<br \/>(85) 99926-0000<\/p>\n<\/p><\/div>\n<\/p><\/div>\n<div class=\"row\">\n        <img decoding=\"async\" class=\"mapa-nuc\" src=\"https:\/\/campolina.org.br\/novo\/wp-content\/uploads\/2025\/12\/mg.png\"\n            alt=\"N\u00facleos Minas Gerais\" \/><\/p>\n<div class=\"row justify-content-center\">\n<div class=\"col-12\">\n<h2 class=\"tit-nuc\"><strong>Minas Gerais<\/strong><\/h2>\n<\/p><\/div>\n<\/p><\/div>\n<div class=\"row\">\n<div class=\"col-12 col-lg-6\">\n<p>N\u00facleo Oeste Mineiro<br \/>Paulo Junio Pereira Vaz<br \/>(37) 99986-1318<\/p>\n<p>Clube da Zona da Mata<br \/>Rodrigo Seixas Couto<br \/>(31) 98415-8004<\/p>\n<p>N\u00facleo dos Criad. Cavalo Campolina de BH<br \/>Luiz Maria de S\u00e1 Neto<br \/>(31) 98514-6292<\/p>\n<\/p><\/div>\n<div class=\"col-12 col-lg-6\">\n<p>N\u00facleo do Cavalo Campolina de Tiradentes<br \/>Rummenigge Zanola Schmidt<br \/>(32) 99973-6302<\/p>\n<p>N\u00facleo dos Criadores de Cavalo Campolina de Barbacena<br \/>Nelson Jos\u00e9 Paes Fortes Feres<br \/>(32) 99983-1333<\/p>\n<p>N\u00facleo dos Criadores de Cavalo Campolina do Triangulo Mineiro<br \/>Jose Idualte Neto Oliveira<br \/>(34) 98406-2220<\/p>\n<\/p><\/div>\n<\/p><\/div>\n<\/p><\/div>\n<div class=\"row\">\n<div class=\"col-12 col-lg-4\">\n            <img decoding=\"async\" class=\"mapa-nuc\" src=\"https:\/\/campolina.org.br\/novo\/wp-content\/uploads\/2025\/12\/pe.png\"\n                alt=\"N\u00facleos Pernambuco\" \/><\/p>\n<h2 class=\"tit-nuc\"><strong>Pernambuco<\/strong><\/h2>\n<p>Associa\u00e7\u00e3o Nordestina dos Criadores do Cavalo Campolina<br \/>Ademar Rigueira Neto<br \/>(81) 99971-0777<\/p>\n<\/p><\/div>\n<div class=\"col-12 col-lg-4\">\n            <img decoding=\"async\" class=\"mapa-nuc\" src=\"https:\/\/campolina.org.br\/novo\/wp-content\/uploads\/2025\/12\/rj.png\"\n                alt=\"N\u00facleos Rio de Janeiro\" \/><\/p>\n<h2 class=\"tit-nuc\"><strong>Rio de Janeiro<\/strong><\/h2>\n<p>Clube Cavalo Campolina do Rio de Janeiro<br \/>Glaucus Pimenta de Souza<br \/>(21) 99487-5331<\/p>\n<\/p><\/div>\n<div class=\"col-12 col-lg-4\">\n            <img decoding=\"async\" class=\"mapa-nuc\" src=\"https:\/\/campolina.org.br\/novo\/wp-content\/uploads\/2025\/12\/sp.png\"\n                alt=\"N\u00facleos S\u00e3o Paulo\" \/><\/p>\n<h2 class=\"tit-nuc\"><strong>S\u00e3o Paulo<\/strong><\/h2>\n<p>Clube do Cavalo Campolina do Estado de S\u00e3o Paulo<br \/>Marcelo Souto Nacif<br \/>(12) 99706-3005<\/p>\n<\/p><\/div>\n<\/p><\/div>\n<\/section>\n","protected":false},"excerpt":{"rendered":"<p>Bahia Assoc. dos Criad. do Cavalo Campolina da Bahia \u2013 ACCCBAPresidente: Jorge Lopes BulosTel: (75) 99977-0085 Bras\u00edlia N\u00facleo dos Criadores do Cavalo Campolina Brasil CentralEdgar Sales de Barros(61) 98439-0346 Cear\u00e1 N\u00facleo Jangadeiro do Cavalo CampolinaFrancisco Feitosa Vilar Filho(85) 99926-0000 Minas Gerais N\u00facleo Oeste MineiroPaulo Junio Pereira Vaz(37) 99986-1318 Clube da Zona da MataRodrigo Seixas Couto(31)&#8230;<\/p>\n","protected":false},"author":1,"featured_media":0,"parent":0,"menu_order":0,"comment_status":"closed","ping_status":"closed","template":"","meta":{"_kad_post_transparent":"default","_kad_post_title":"default","_kad_post_layout":"default","_kad_post_sidebar_id":"","_kad_post_content_style":"default","_kad_post_vertical_padding":"default","_kad_post_feature":"","_kad_post_feature_position":"","_kad_post_header":false,"_kad_post_footer":false,"_kad_post_classname":"","footnotes":""},"class_list":["post-674","page","type-page","status-publish","hentry"],"_hostinger_reach_plugin_has_subscription_block":false,"_hostinger_reach_plugin_is_elementor":false,"_links":{"self":[{"href":"https:\/\/campolina.org.br\/novo\/wp-json\/wp\/v2\/pages\/674","targetHints":{"allow":["GET"]}}],"collection":[{"href":"https:\/\/campolina.org.br\/novo\/wp-json\/wp\/v2\/pages"}],"about":[{"href":"https:\/\/campolina.org.br\/novo\/wp-json\/wp\/v2\/types\/page"}],"author":[{"embeddable":true,"href":"https:\/\/campolina.org.br\/novo\/wp-json\/wp\/v2\/users\/1"}],"replies":[{"embeddable":true,"href":"https:\/\/campolina.org.br\/novo\/wp-json\/wp\/v2\/comments?post=674"}],"version-history":[{"count":4,"href":"https:\/\/campolina.org.br\/novo\/wp-json\/wp\/v2\/pages\/674\/revisions"}],"predecessor-version":[{"id":15490,"href":"https:\/\/campolina.org.br\/novo\/wp-json\/wp\/v2\/pages\/674\/revisions\/15490"}],"wp:attachment":[{"href":"https:\/\/campolina.org.br\/novo\/wp-json\/wp\/v2\/media?parent=674"}],"curies":[{"name":"wp","href":"https:\/\/api.w.org\/{rel}","templated":true}]}}