{"id":635,"date":"2021-10-21T00:36:32","date_gmt":"2021-10-21T03:36:32","guid":{"rendered":"https:\/\/abcc.benta.digital\/?page_id=635"},"modified":"2021-10-21T00:36:32","modified_gmt":"2021-10-21T03:36:32","slug":"denuncias-online","status":"publish","type":"page","link":"https:\/\/campolina.org.br\/novo\/denuncias-online\/","title":{"rendered":"Den\u00fancias Online"},"content":{"rendered":"<h5>Como realizar den\u00fancias online<\/h5>\n<p>Para realizar den\u00fancias sobre irregularidades relativas ao SRG da ABCC Campolina, <br \/>envie um e-mail para <a href=\"mailto:denuncias@campolina.org.br\">denuncias@campolina.org.br<\/a> com os seguintes dados:<\/p>\n<ul>\n<li>\n\t\t\t\t\t\t\t\t\t\tNome completo;\n\t\t\t\t\t\t\t\t\t<\/li>\n<li>\n\t\t\t\t\t\t\t\t\t\tCPF;\n\t\t\t\t\t\t\t\t\t<\/li>\n<li>\n\t\t\t\t\t\t\t\t\t\tRG;\n\t\t\t\t\t\t\t\t\t<\/li>\n<li>\n\t\t\t\t\t\t\t\t\t\tNome e n\u00famero de registro do animal;\n\t\t\t\t\t\t\t\t\t<\/li>\n<li>\n\t\t\t\t\t\t\t\t\t\tEspecifica\u00e7\u00e3o objetiva da suspeita;\n\t\t\t\t\t\t\t\t\t<\/li>\n<li>\n\t\t\t\t\t\t\t\t\t\tSe poss\u00edvel, comprova\u00e7\u00e3o da suspeita apresentada.\n\t\t\t\t\t\t\t\t\t<\/li>\n<\/ul>\n","protected":false},"excerpt":{"rendered":"<p>Como realizar den\u00fancias online Para realizar den\u00fancias sobre irregularidades relativas ao SRG da ABCC Campolina, envie um e-mail para denuncias@campolina.org.br com os seguintes dados: Nome completo; CPF; RG; Nome e n\u00famero de registro do animal; Especifica\u00e7\u00e3o objetiva da suspeita; Se poss\u00edvel, comprova\u00e7\u00e3o da suspeita apresentada.<\/p>\n","protected":false},"author":1,"featured_media":0,"parent":0,"menu_order":0,"comment_status":"closed","ping_status":"closed","template":"elementor_header_footer","meta":{"_kad_post_transparent":"","_kad_post_title":"","_kad_post_layout":"","_kad_post_sidebar_id":"","_kad_post_content_style":"","_kad_post_vertical_padding":"","_kad_post_feature":"","_kad_post_feature_position":"","_kad_post_header":false,"_kad_post_footer":false,"_kad_post_classname":"","footnotes":""},"class_list":["post-635","page","type-page","status-publish","hentry"],"_hostinger_reach_plugin_has_subscription_block":false,"_hostinger_reach_plugin_is_elementor":false,"_links":{"self":[{"href":"https:\/\/campolina.org.br\/novo\/wp-json\/wp\/v2\/pages\/635","targetHints":{"allow":["GET"]}}],"collection":[{"href":"https:\/\/campolina.org.br\/novo\/wp-json\/wp\/v2\/pages"}],"about":[{"href":"https:\/\/campolina.org.br\/novo\/wp-json\/wp\/v2\/types\/page"}],"author":[{"embeddable":true,"href":"https:\/\/campolina.org.br\/novo\/wp-json\/wp\/v2\/users\/1"}],"replies":[{"embeddable":true,"href":"https:\/\/campolina.org.br\/novo\/wp-json\/wp\/v2\/comments?post=635"}],"version-history":[{"count":0,"href":"https:\/\/campolina.org.br\/novo\/wp-json\/wp\/v2\/pages\/635\/revisions"}],"wp:attachment":[{"href":"https:\/\/campolina.org.br\/novo\/wp-json\/wp\/v2\/media?parent=635"}],"curies":[{"name":"wp","href":"https:\/\/api.w.org\/{rel}","templated":true}]}}