{"id":595,"date":"2021-10-20T16:36:59","date_gmt":"2021-10-20T19:36:59","guid":{"rendered":"https:\/\/abcc.benta.digital\/?page_id=595"},"modified":"2025-12-10T17:34:16","modified_gmt":"2025-12-10T17:34:16","slug":"a-academia","status":"publish","type":"page","link":"https:\/\/campolina.org.br\/novo\/a-academia\/","title":{"rendered":"A Academia"},"content":{"rendered":"\n<section class=\"patronos\">\n<div class=\"row\">\n<div class=\"col-12 col-lg-8\">\n<h1>Academia Brasileira dos Criadores de Cavalo Campolina<\/h1>\n<p>Criada em 7 de setembro de 2010, durante a XXX Semana Nacional do Cavalo Campolina, a Academia Brasileira dos Criadores de Cavalo Campolina, foi concebida para resgatar a hist\u00f3ria da ra\u00e7a, bem como imortalizar os nomes daqueles que muito contribu\u00edram para o desenvolvimento do Cavalo Campolina.<\/p>\n<p>Assim como acontece nas academias de Letras e Medicina, ela \u00e9 formada por tr\u00eas grupos: Patronos, Acad\u00eamicos e Ra\u00e7adores Imortais.<\/p>\n<p>O grupo dos <strong>Patronos<\/strong> \u00e9 formado por 26 nomes fixos de pessoas que j\u00e1 morreram, podendo estes terem sido criadores de Campolina ou importantes colaboradores. A cadeira n\u00famero um pertence ao criador da ra\u00e7a, Cassiano Campolina, sempre representado na pessoa do presidente em exerc\u00edcio da Associa\u00e7\u00e3o Brasileira dos Criadores de Cavalo Campolina.<\/p>\n<p>O grupo dos <strong>Acad\u00eamicos<\/strong> \u00e9 composto por 20 cadeiras representadas por criadores da atualidade com relevante contribui\u00e7\u00e3o ao fomento do marchador. Mais seis ser\u00e3o ocupadas, sendo duas a cada ano, at\u00e9 completar-se 26 personalidades.<\/p>\n<p>Da mesma forma, existem 22\u00a0<strong>Ra\u00e7adores Imortais<\/strong>, os quais foram decisivos na forma\u00e7\u00e3o e estabelecimento do Cavalo Campolina no Brasil, tamb\u00e9m sendo eleito um novo integrante a cada cinco anos, at\u00e9 concluir 25.<\/p>\n<p>Os nomes dos integrantes da Academia Brasileira do Cavalo Campolina, quando na sua forma\u00e7\u00e3o, foram escolhidos por tr\u00eas criadores: Osvaldo Afonso Diniz Filho, o idealizador; Emir Cadar, eleito presidente; e Jos\u00e9 Eug\u00eanio C\u00e2mara Filho.<\/p>\n<p>Al\u00e9m das homenagens, a Academia possui o papel importante de promover encontros com os criadores e acad\u00eamicos, organizar o acervo de documentos, trabalhos e fotografias hist\u00f3ricas; representar a ABCC Campolina culturalmente, ressurgir o romance da ra\u00e7a de forma l\u00edrica e resgatar a hist\u00f3ria da Cavalo Campolina.<\/p>\n<p>A Academia \u00e9 lar dos guardi\u00f5es da mem\u00f3ria e da hist\u00f3ria da ra\u00e7a.<\/p>\n<\/p><\/div>\n<div class=\"col-12 col-lg-4\">\n<h5 class=\"acad-tit\">Patronos<\/h5>\n<ul>\n<li>\n                    <span class=\"orange\"><i class=\"fas fa-horse-head\"><\/i><\/span>CASSIANO CAMPOLINA\n                <\/li>\n<li>\n                    <span class=\"orange\"><i class=\"fas fa-horse-head\"><\/i><\/span>JOAQUIM PACHECO DE REZENDE\n                <\/li>\n<li>\n                    <span class=\"orange\"><i class=\"fas fa-horse-head\"><\/i><\/span>FRANCISCO TEODORO DE ANDRADE\n                <\/li>\n<li>\n                    <span class=\"orange\"><i class=\"fas fa-horse-head\"><\/i><\/span>GABRIEL AUGUSTO DE ANDRADE\n                <\/li>\n<li>\n                    <span class=\"orange\"><i class=\"fas fa-horse-head\"><\/i><\/span>JOAQUIM RESENDE\n                <\/li>\n<li>\n                    <span class=\"orange\"><i class=\"fas fa-horse-head\"><\/i><\/span>PAULO ROCHA LAGOA\n                <\/li>\n<li>\n                    <span class=\"orange\"><i class=\"fas fa-horse-head\"><\/i><\/span>ASC\u00c2NIO AFONSO DINIZ\n                <\/li>\n<li>\n                    <span class=\"orange\"><i class=\"fas fa-horse-head\"><\/i><\/span>BOLIVAR DE ANDRADE\n                <\/li>\n<li>\n                    <span class=\"orange\"><i class=\"fas fa-horse-head\"><\/i><\/span>EPAMINONDAS CUNHA MELO\n                <\/li>\n<li>\n                    <span class=\"orange\"><i class=\"fas fa-horse-head\"><\/i><\/span>WALDEMAR DE REZENDE URBANO\n                <\/li>\n<li>\n                    <span class=\"orange\"><i class=\"fas fa-horse-head\"><\/i><\/span>M\u00c1RIO DE FIGUEIREDO SANTOS\n                <\/li>\n<li>\n                    <span class=\"orange\"><i class=\"fas fa-horse-head\"><\/i><\/span>GAST\u00c3O RIBEIRO DE OLIVEIRA RESENDE\n                <\/li>\n<li>\n                    <span class=\"orange\"><i class=\"fas fa-horse-head\"><\/i><\/span>ROBERTO RIBEIRO DE OLIVEIRA RESENDE\n                <\/li>\n<li>\n                    <span class=\"orange\"><i class=\"fas fa-horse-head\"><\/i><\/span>M\u00c1RCIO DE ANDRADE\n                <\/li>\n<li>\n                    <span class=\"orange\"><i class=\"fas fa-horse-head\"><\/i><\/span>JUSTINO LUIZ ALVES PEREIRA\n                <\/li>\n<li>\n                    <span class=\"orange\"><i class=\"fas fa-horse-head\"><\/i><\/span>GERALDO MAJELA DE RESENDE\n                <\/li>\n<li>\n                    <span class=\"orange\"><i class=\"fas fa-horse-head\"><\/i><\/span>JO\u00c3O BATISTA COSTA SAD\n                <\/li>\n<li>\n                    <span class=\"orange\"><i class=\"fas fa-horse-head\"><\/i><\/span>LUIZ RODRIGUES FONTES\n                <\/li>\n<li>\n                    <span class=\"orange\"><i class=\"fas fa-horse-head\"><\/i><\/span>ALOYSIO RESENDE RIBEIRO DE OLIVEIRA\n                <\/li>\n<li>\n                    <span class=\"orange\"><i class=\"fas fa-horse-head\"><\/i><\/span>ALFREDO MANOEL FERNANDES\n                <\/li>\n<li>\n                    <span class=\"orange\"><i class=\"fas fa-horse-head\"><\/i><\/span>ADELINO RIBEIRO MAIA\n                <\/li>\n<li>\n                    <span class=\"orange\"><i class=\"fas fa-horse-head\"><\/i><\/span>JORGE MARBACK SIM\u00d5ES DE FREITAS\n                <\/li>\n<li>\n                    <span class=\"orange\"><i class=\"fas fa-horse-head\"><\/i><\/span>FRANCISCO LOUREN\u00c7O COSTA\n                <\/li>\n<li>\n                    <span class=\"orange\"><i class=\"fas fa-horse-head\"><\/i><\/span>ANT\u00d4NIO LOPES DA SILVA\n                <\/li>\n<li>\n                    <span class=\"orange\"><i class=\"fas fa-horse-head\"><\/i><\/span>LUIZ CARLOS DE BARROS VIANNA\n                <\/li>\n<li>\n                    <span class=\"orange\"><i class=\"fas fa-horse-head\"><\/i><\/span>JOS\u00c9 EUG\u00caNIO DUTRA C\u00c2MARA\n                <\/li>\n<\/ul><\/div>\n<\/p><\/div>\n<\/section>\n<section class=\"academicos\">\n<div class=\"row\">\n<div class=\"col-12\">\n<h5 class=\"acad-tit\">Acad\u00eamicos<\/h5>\n<\/p><\/div>\n<\/p><\/div>\n<div class=\"row\">\n<div class=\"col-12 col-lg-6\">\n<ul>\n<li>\n                    <span class=\"orange\"><i class=\"fas fa-horse\"><\/i><\/span>ANT\u00d4NIO HELV\u00c9CIO MARTINS COSTA\n                <\/li>\n<li>\n                    <span class=\"orange\"><i class=\"fas fa-horse\"><\/i><\/span>\u00c1LVARO LOPES DA SILVA\n                <\/li>\n<li>\n                    <span class=\"orange\"><i class=\"fas fa-horse\"><\/i><\/span>ARTHUR EDUARDO SAVASSI BIAGIONI\n                <\/li>\n<li>\n                    <span class=\"orange\"><i class=\"fas fa-horse\"><\/i><\/span>CHARLES WANDERLEY MAIA\n                <\/li>\n<li>\n                    <span class=\"orange\"><i class=\"fas fa-horse\"><\/i><\/span>CARLOS PL\u00cdNIO SIQUEIRA\n                <\/li>\n<li>\n                    <span class=\"orange\"><i class=\"fas fa-horse\"><\/i><\/span>EMIR CADAR\n                <\/li>\n<li>\n                    <span class=\"orange\"><i class=\"fas fa-horse\"><\/i><\/span>FRANCISCO DE P.LA SAIGNE D ABOIM INGL\u00caS\n                <\/li>\n<li>\n                    <span class=\"orange\"><i class=\"fas fa-horse\"><\/i><\/span>HENRIQUE BERARDINELLI\n                <\/li>\n<li>\n                    <span class=\"orange\"><i class=\"fas fa-horse\"><\/i><\/span>HENRIQUE MORAIS SALVADOR SILVA\n                <\/li>\n<li>\n                    <span class=\"orange\"><i class=\"fas fa-horse\"><\/i><\/span>JAYME DE ALMEIDA FIGUEIREDO\n                <\/li>\n<li>\n                    <span class=\"orange\"><i class=\"fas fa-horse\"><\/i><\/span>JOEL BASTOS GARCIA\n                <\/li>\n<li>\n                    <span class=\"orange\"><i class=\"fas fa-horse\"><\/i><\/span>JOS\u00c9 EUG\u00caNIO DUTRA C\u00c2MARA FILHO\n                <\/li>\n<\/ul><\/div>\n<div class=\"col-12 col-lg-6\">\n<ul>\n<li>\n                    <span class=\"orange\"><i class=\"fas fa-horse\"><\/i><\/span>JOS\u00c9 VALERIANO KFOURI FERNANDES\n                <\/li>\n<li>\n                    <span class=\"orange\"><i class=\"fas fa-horse\"><\/i><\/span>JOSU\u00c9 RODRIGUES\n                <\/li>\n<li>\n                    <span class=\"orange\"><i class=\"fas fa-horse\"><\/i><\/span>LUIZ FERNANDO RAMOS FARIA\n                <\/li>\n<li>\n                    <span class=\"orange\"><i class=\"fas fa-horse\"><\/i><\/span>MANOEL MESSIAS\n                <\/li>\n<li>\n                    <span class=\"orange\"><i class=\"fas fa-horse\"><\/i><\/span>NELSON GRASSI DE MELO FRANCO\n                <\/li>\n<li>\n                    <span class=\"orange\"><i class=\"fas fa-horse\"><\/i><\/span>NELSON JOS\u00c9 PAES FORTES FERES\n                <\/li>\n<li>\n                    <span class=\"orange\"><i class=\"fas fa-horse\"><\/i><\/span>OSVALDO AFONSO DINIZ FILHO\n                <\/li>\n<li>\n                    <span class=\"orange\"><i class=\"fas fa-horse\"><\/i><\/span>ROBERTO JOS\u00c9 GAZZINELLI CRUZ\n                <\/li>\n<li>\n                    <span class=\"orange\"><i class=\"fas fa-horse\"><\/i><\/span>SEVERINO PINHEIRO VIDAL\n                <\/li>\n<li>\n                    <span class=\"orange\"><i class=\"fas fa-horse\"><\/i><\/span>SILVANA MARINHO COUTO DE ALMEIDA BRAGA\n                <\/li>\n<li>\n                    <span class=\"orange\"><i class=\"fas fa-horse\"><\/i><\/span>VASCO PRA\u00c7A FILHO\n                <\/li>\n<li>\n                    <span class=\"orange\"><i class=\"fas fa-horse\"><\/i><\/span>VERA REGINA ACH\u00c9 ANNECHINO\n                <\/li>\n<\/ul><\/div>\n<\/p><\/div>\n<\/section>\n<section class=\"racadores\">\n<div class=\"row\">\n<div class=\"col-12\">\n<h5 class=\"acad-tit\">Ra\u00e7adores Imortais<\/h5>\n<\/p><\/div>\n<\/p><\/div>\n<div class=\"row\">\n<div class=\"col-12 col-lg-6\">\n<ul>\n<li>\n                    <span class=\"orange\"><i class=\"fas fa-horse\"><\/i><\/span>MONARCA\n                <\/li>\n<li>\n                    <span class=\"orange\"><i class=\"fas fa-horse\"><\/i><\/span>MED\u00c9IA\n                <\/li>\n<li>\n                    <span class=\"orange\"><i class=\"fas fa-horse\"><\/i><\/span>MIRAI RIFIFI\n                <\/li>\n<li>\n                    <span class=\"orange\"><i class=\"fas fa-horse\"><\/i><\/span>XERIFE DE PASSA TEMPO\n                <\/li>\n<li>\n                    <span class=\"orange\"><i class=\"fas fa-horse\"><\/i><\/span>XEPEIRO DE PASSA TEMPO\n                <\/li>\n<li>\n                    <span class=\"orange\"><i class=\"fas fa-horse\"><\/i><\/span>G\u00c1S PREL\u00daDIO\n                <\/li>\n<li>\n                    <span class=\"orange\"><i class=\"fas fa-horse\"><\/i><\/span>G\u00c1S REX\n                <\/li>\n<li>\n                    <span class=\"orange\"><i class=\"fas fa-horse\"><\/i><\/span>MICAELA SUBLIME\n                <\/li>\n<li>\n                    <span class=\"orange\"><i class=\"fas fa-horse\"><\/i><\/span>EXPOENTE DE PASSA TEMPO\n                <\/li>\n<li>\n                    <span class=\"orange\"><i class=\"fas fa-horse\"><\/i><\/span>G\u00c1S MARUJO\n                <\/li>\n<li>\n                    <span class=\"orange\"><i class=\"fas fa-horse\"><\/i><\/span>G\u00c1S RADAR\n                <\/li>\n<\/ul><\/div>\n<div class=\"col-12 col-lg-6\">\n<ul>\n<li>\n                    <span class=\"orange\"><i class=\"fas fa-horse\"><\/i><\/span>J\u00daPITER DE PASSA TEMPO\n                <\/li>\n<li>\n                    <span class=\"orange\"><i class=\"fas fa-horse\"><\/i><\/span>G\u00c1S DENGOSO\n                <\/li>\n<li>\n                    <span class=\"orange\"><i class=\"fas fa-horse\"><\/i><\/span>OUSADO DE PASSA TEMPO\n                <\/li>\n<li>\n                    <span class=\"orange\"><i class=\"fas fa-horse\"><\/i><\/span>NARCISO DO ANGELIM\n                <\/li>\n<li>\n                    <span class=\"orange\"><i class=\"fas fa-horse\"><\/i><\/span>LICOR DO ANGELIM\n                <\/li>\n<li>\n                    <span class=\"orange\"><i class=\"fas fa-horse\"><\/i><\/span>GAROL DO ANGELIM\n                <\/li>\n<li>\n                    <span class=\"orange\"><i class=\"fas fa-horse\"><\/i><\/span>DESACATO DA MARAVILHA\n                <\/li>\n<li>\n                    <span class=\"orange\"><i class=\"fas fa-horse\"><\/i><\/span>ILUMINADO DE ALFENAS\n                <\/li>\n<li>\n                    <span class=\"orange\"><i class=\"fas fa-horse\"><\/i><\/span>O.P. DE SANTA RITA\n                <\/li>\n<li>\n                    <span class=\"orange\"><i class=\"fas fa-horse\"><\/i><\/span>EST\u00c1DIO DO DESTERRO\n                <\/li>\n<li>\n                    <span class=\"orange\"><i class=\"fas fa-horse\"><\/i><\/span>GAVI\u00c3O DO BARULHO\n                <\/li>\n<\/ul><\/div>\n<\/p><\/div>\n<\/section>\n","protected":false},"excerpt":{"rendered":"<p>Academia Brasileira dos Criadores de Cavalo Campolina Criada em 7 de setembro de 2010, durante a XXX Semana Nacional do Cavalo Campolina, a Academia Brasileira dos Criadores de Cavalo Campolina, foi concebida para resgatar a hist\u00f3ria da ra\u00e7a, bem como imortalizar os nomes daqueles que muito contribu\u00edram para o desenvolvimento do Cavalo Campolina. Assim como&#8230;<\/p>\n","protected":false},"author":1,"featured_media":0,"parent":0,"menu_order":0,"comment_status":"closed","ping_status":"closed","template":"","meta":{"_kad_post_transparent":"default","_kad_post_title":"default","_kad_post_layout":"default","_kad_post_sidebar_id":"","_kad_post_content_style":"default","_kad_post_vertical_padding":"default","_kad_post_feature":"","_kad_post_feature_position":"","_kad_post_header":false,"_kad_post_footer":false,"_kad_post_classname":"","footnotes":""},"class_list":["post-595","page","type-page","status-publish","hentry"],"_hostinger_reach_plugin_has_subscription_block":false,"_hostinger_reach_plugin_is_elementor":false,"_links":{"self":[{"href":"https:\/\/campolina.org.br\/novo\/wp-json\/wp\/v2\/pages\/595","targetHints":{"allow":["GET"]}}],"collection":[{"href":"https:\/\/campolina.org.br\/novo\/wp-json\/wp\/v2\/pages"}],"about":[{"href":"https:\/\/campolina.org.br\/novo\/wp-json\/wp\/v2\/types\/page"}],"author":[{"embeddable":true,"href":"https:\/\/campolina.org.br\/novo\/wp-json\/wp\/v2\/users\/1"}],"replies":[{"embeddable":true,"href":"https:\/\/campolina.org.br\/novo\/wp-json\/wp\/v2\/comments?post=595"}],"version-history":[{"count":4,"href":"https:\/\/campolina.org.br\/novo\/wp-json\/wp\/v2\/pages\/595\/revisions"}],"predecessor-version":[{"id":15473,"href":"https:\/\/campolina.org.br\/novo\/wp-json\/wp\/v2\/pages\/595\/revisions\/15473"}],"wp:attachment":[{"href":"https:\/\/campolina.org.br\/novo\/wp-json\/wp\/v2\/media?parent=595"}],"curies":[{"name":"wp","href":"https:\/\/api.w.org\/{rel}","templated":true}]}}