{"id":575,"date":"2021-10-20T13:56:21","date_gmt":"2021-10-20T16:56:21","guid":{"rendered":"https:\/\/abcc.benta.digital\/?page_id=575"},"modified":"2025-12-10T16:32:00","modified_gmt":"2025-12-10T16:32:00","slug":"a-associacao","status":"publish","type":"page","link":"https:\/\/campolina.org.br\/novo\/a-associacao\/","title":{"rendered":"A Associa\u00e7\u00e3o"},"content":{"rendered":"\n<section class=\"ass-sec-1\">\n<div class=\"row\">\n<div class=\"col-12\">\n<h2>CONHE\u00c7A<\/h2>\n<\/p><\/div>\n<\/p><\/div>\n<div class=\"row\">\n<div class=\"col-12\">\n<h5>H\u00e1 74 anos apoiando a cria\u00e7\u00e3o e melhoria da ra\u00e7a<\/h5>\n<\/p><\/div>\n<\/p><\/div>\n<div class=\"row\">\n<div class=\"col-12\">\n<p>A Associa\u00e7\u00e3o Brasileira dos Criadores do Cavalo Campolina foi fundada em 1951, com sede em Belo Horizonte, tendo como seu primeiro Presidente o criador Bolivar de Andrade da Fazenda Campo Grande, situada no munic\u00edpio de Passa Tempo, Minas Gerais. Hoje, todos os criadores da ra\u00e7a s\u00e3o respons\u00e1veis pela continuidade dessa hist\u00f3ria que ganha mais admiradores e se consolida a cada ano.<\/p>\n<\/p><\/div>\n<\/p><\/div>\n<\/section>\n<section class=\"ass-sec-2\">\n<div class=\"acesso-rapido\">\n<div class=\"row\">\n<div class=\"col-6 col-lg-3\">\n<h5>\n                    <a href=\"https:\/\/campolina.org.br\/novo\/wp-content\/uploads\/2021\/10\/estatuto.pdf\" target=\"_blank\"><\/p>\n<p class=\"icon-rapido\"><i class=\"fas fa-book\"><\/i><\/p>\n<p class=\"texto-rapido\">Estatuto<\/p>\n<p>                    <\/a><br \/>\n                <\/h5>\n<\/p><\/div>\n<div class=\"col-6 col-lg-3\">\n<h5>\n                    <a href=\"https:\/\/campolina.org.br\/novo\/regulamentos\/\"><\/p>\n<p class=\"icon-rapido\"><i class=\"fas fa-scale-balanced\"><\/i><\/p>\n<p class=\"texto-rapido\">Regulamentos<\/p>\n<p>                    <\/a><br \/>\n                <\/h5>\n<\/p><\/div>\n<div class=\"col-6 col-lg-3\">\n<h5>\n                    <a href=\"https:\/\/campolina.org.br\/novo\/wp-content\/uploads\/2022\/02\/Emolumentos-1.pdf\"\n                        target=\"_blank\"><\/p>\n<p class=\"icon-rapido\"><i class=\"fas fa-money-check-dollar\"><\/i><\/p>\n<p class=\"texto-rapido\">Emolumentos<\/p>\n<p>                    <\/a><br \/>\n                <\/h5>\n<\/p><\/div>\n<div class=\"col-6 col-lg-3\">\n<h5>\n                    <a href=\"https:\/\/campolina.org.br\/novo\/transparencia\/\" target=\"_blank\"><\/p>\n<p class=\"icon-rapido\"><i class=\"fas fa-magnifying-glass-chart\"><\/i><\/p>\n<p class=\"texto-rapido\">Transpar\u00eancia<\/p>\n<p>                    <\/a><br \/>\n                <\/h5>\n<\/p><\/div>\n<\/p><\/div>\n<\/p><\/div>\n<\/section>\n<section class=\"youtube\">\n<div class=\"row\">\n<div class=\"col-12 col-lg-6\">\n<div class=\"yt-wrap\">\n<div class=\"row\">\n<div class=\"col-12\">\n<h2>Estamos no Youtube!<\/h2>\n<\/p><\/div>\n<\/p><\/div>\n<div class=\"wrap-yt\">\n<p>No nosso canal do Youtube voc\u00ea pode conhecer mais sobre nossa trajet\u00f3ria, sobre a ra\u00e7a Campolina, assistir \u00e0s nossas lives, e ficar por dentro de tudo que acontece na comunidade Campolina.<\/p>\n<\/p><\/div>\n<\/p><\/div>\n<\/p><\/div>\n<div class=\"col-12 col-lg-6\">\n            <iframe loading=\"lazy\" width=\"560\" height=\"315\" class=\"vd-yt\"\n                src=\"https:\/\/www.youtube.com\/embed\/VQTNiZtwhUc?playlist=VQTNiZtwhUc&#038;mute=0&#038;autoplay=0&#038;loop=0&#038;controls=1&#038;start=0\"\n                title=\"YouTube video player\" frameborder=\"0\"\n                allow=\"accelerometer; autoplay; clipboard-write; encrypted-media; gyroscope; picture-in-picture\"\n                allowfullscreen><br \/>\n            <\/iframe>\n        <\/div>\n<\/p><\/div>\n<\/section>\n<section id=\"diretoria\" class=\"ass-sec-3\">\n<div class=\"row\">\n<div class=\"col-12\">\n<div class=\"diretoria-wrap\">\n<h3 class=\"tit-dir\">DIRETORIA<\/h3>\n<ul>\n<li>\n                        Diretor Presidente &#8211; Marcos Amaral Teixeira\n                    <\/li>\n<li>\n                        Diretor Vice-Presidente &#8211; Aylton Bernardino de Almeida\n                    <\/li>\n<li>\n                        Diretor Financeiro &#8211; Paulo de Tarso Gon\u00e7alves Ara\u00fajo\n                    <\/li>\n<li>\n                        Diretor Social &#8211; Fabiano Galetti Tolentino\n                    <\/li>\n<li>\n                        Diretor Secret\u00e1rio &#8211; Diego Henrique Silva\n                    <\/li>\n<li>\n                        Diretor de Expans\u00e3o e Mercado &#8211; Igor Moreira Gon\u00e7alves\n                    <\/li>\n<li>\n                        Diretor Adjunto de Expans\u00e3o e Mercado -Ronaldo Vieira Peres\n                    <\/li>\n<li>\n                        Diretor de Eventos &#8211; Roberto Victor Coscarelli Salum\n                    <\/li>\n<li>\n                        Diretor de Cavalgadas \u2013 Marcelo Souto Nacif\n                    <\/li>\n<li>\n                        Diretor de Poeir\u00f5es \u2013 Janor Santana Guimar\u00e3es\n                    <\/li>\n<\/ul><\/div>\n<\/p><\/div>\n<\/p><\/div>\n<div class=\"row\">\n<div class=\"col-12 col-lg-6\">\n<div class=\"diretoria-wrap\">\n<h3 class=\"tit-dir\">PRESIDENTE DO CONSELHO DELIBERATIVO ADMINISTRATIVO<\/h3>\n<ul>\n<li>\n                        Jos\u00e9 Eug\u00eanio Dutra C\u00e2mara Filho\n                    <\/li>\n<\/ul><\/div>\n<div class=\"diretoria-wrap\">\n<h3 class=\"tit-dir\">CONSELHO DELIBERATIVO ADMINISTRATIVO<\/h3>\n<ul>\n<li>\n                        Maur\u00edcio Wanderley Estanislau da Costa\n                    <\/li>\n<li>\n                        Charles Marx Nascimento Almeida\n                    <\/li>\n<li>\n                        Jorgge Lib\u00f3rio de Freitas\n                    <\/li>\n<li>\n                        Severino Pinheiro Vidal\n                    <\/li>\n<li>\n                        Guilherme Ribeiro de Rezende\n                    <\/li>\n<li>\n                        Pedro Hermanny Diniz\n                    <\/li>\n<li>\n                        D\u00eanis Soares Fagundes\n                    <\/li>\n<li>\n                        Jair da Fonseca Pinto J\u00fanior\n                    <\/li>\n<li>\n                        Henrique Moraes Salvador Silva\n                    <\/li>\n<li>\n                        Renato Paes Menson\u00e7a Tavares de Melo\n                    <\/li>\n<li>\n                        Nelson Jos\u00e9 Paes Fortes Feres\n                    <\/li>\n<li>\n                        Luiz Ant\u00f4nio Pessanha de Lima\n                    <\/li>\n<li>\n                        Juliano Campos Lanza\n                    <\/li>\n<li>\n                        Nilton Oliveira dos Anjos\n                    <\/li>\n<li>\n                        Emir Cadar\n                    <\/li>\n<li>\n                        Francisco de P. La Saigne D&#8217;aboim Ingl\u00eas\n                    <\/li>\n<li>\n                        Luiz Eduardo Brand\u00e3o Cort\u00eas\n                    <\/li>\n<li>\n                        Arthur Eduardo Savassi Biagioni\n                    <\/li>\n<li>\n                        Luiz Roberto Horst Silveira Pinto\n                    <\/li>\n<li>\n                        Francisco de Azevedo Neto\n                    <\/li>\n<li>\n                        Jorge Salum\n                    <\/li>\n<li>\n                        Carlos Pl\u00ednio Siqueira\n                    <\/li>\n<\/ul><\/div>\n<\/p><\/div>\n<div class=\"col-12 col-lg-6\">\n<div class=\"diretoria-wrap\">\n<h3 class=\"tit-dir\">MEMBROS T\u00c9CNICOS<\/h3>\n<ul>\n<li>\n                        L\u00edvia Braga Valle\n                    <\/li>\n<li>\n                        Vitor Monteiro de Carvalho\n                    <\/li>\n<\/ul><\/div>\n<div class=\"diretoria-wrap\">\n<h3 class=\"tit-dir\">CONSELHO FISCAL<\/h3>\n<h5>Efetivo<\/h5>\n<ul>\n<li>\n                        Manoel Messias dos Santos\n                    <\/li>\n<li>\n                        Ant\u00f4nio de Souza Pires\n                    <\/li>\n<li>\n                        Luiz Felipe Gon\u00e7alves Oliveira\n                    <\/li>\n<\/ul>\n<h5>Adjunto<\/h5>\n<ul>\n<li>\n                        Jos\u00e9 Luiz de Oliveira Azevedo Neto\n                    <\/li>\n<li>\n                        Nilton de Paula Avelar\n                    <\/li>\n<li>\n                        Nelson Grassi Melo Franco\n                    <\/li>\n<\/ul><\/div>\n<\/p><\/div>\n<\/p><\/div>\n<\/section>\n<section class=\"hino\">\n<div class=\"row\">\n<h2>OU\u00c7A O HINO DA ASSOCIA\u00c7\u00c3O<\/h2>\n<p>            <audio controls><source src=\"https:\/\/campolina.org.br\/novo\/wp-content\/uploads\/2021\/10\/HinoCampolina.mp3\" \ntype=\"audio\/mpeg\"><br \/>\n                Seu navegador n\u00e3o suporta a reprodu\u00e7\u00e3o de \u00e1udio.<\/audio>\n    <\/div>\n<div class=\"row\">\n<h2>LETRA DO HINO<\/h2>\n<div class=\"col-12 col-lg-4\">\n<p>Quem for distante vai encontrar,<br \/>\n                Adiante a iluminar,<br \/>\n                Um cavalo que define a beleza e o<br \/>\n                Prazer que se tem em montar.<br \/>\n                Barbacena, foi o palco desta cena.<br \/>\n                Entre Rios o seu lugar.<\/p>\n<p>                Campolina, Campolina,<br \/>\n                Cassiano, Minas Gerais (Bis)<\/p><\/div>\n<div class=\"col-12 col-lg-4\">\n                Quem sobe as montanhas nesta<br \/>\n                Marcha firme,<br \/>\n                Sabe que pode chegar<br \/>\n                Cavalgando o dia inteiro, viajando<br \/>\n                sem se cansar.<br \/>\n                Pois os homens em sua hist\u00f3ria<br \/>\n                Fazem coisas ao se inspirar.<\/p>\n<p>                Campolina, Campolina,<br \/>\n                Meu sonho \u00e9 cavalgar(Bis)<\/p><\/div>\n<div class=\"col-12 col-lg-4\">\n                O \u201cseu\u201d Cassiano sabia onde o seu<br \/>\n                Cavalo ia chegar,<br \/>\n                Elevando seu porte elegante e<br \/>\n                nobreza.<br \/>\n                Conquistando, ultrapassando<br \/>\n                Fronteiras.<br \/>\n                Juntando boi, correndo novilhas<br \/>\n                desgarradas e o amor que se sente<br \/>\n                Em criar.<\/p>\n<p>                Campolina, Campolina,<br \/>\n                Velhos sonhos, Minas Gerais (3x)<\/p><\/div>\n<\/p><\/div>\n<\/p><\/div>\n<\/section>\n","protected":false},"excerpt":{"rendered":"<p>CONHE\u00c7A H\u00e1 74 anos apoiando a cria\u00e7\u00e3o e melhoria da ra\u00e7a A Associa\u00e7\u00e3o Brasileira dos Criadores do Cavalo Campolina foi fundada em 1951, com sede em Belo Horizonte, tendo como seu primeiro Presidente o criador Bolivar de Andrade da Fazenda Campo Grande, situada no munic\u00edpio de Passa Tempo, Minas Gerais. Hoje, todos os criadores da&#8230;<\/p>\n","protected":false},"author":1,"featured_media":0,"parent":0,"menu_order":0,"comment_status":"closed","ping_status":"closed","template":"","meta":{"_kad_post_transparent":"default","_kad_post_title":"default","_kad_post_layout":"default","_kad_post_sidebar_id":"","_kad_post_content_style":"default","_kad_post_vertical_padding":"default","_kad_post_feature":"","_kad_post_feature_position":"","_kad_post_header":false,"_kad_post_footer":false,"_kad_post_classname":"","footnotes":""},"class_list":["post-575","page","type-page","status-publish","hentry"],"_hostinger_reach_plugin_has_subscription_block":false,"_hostinger_reach_plugin_is_elementor":false,"_links":{"self":[{"href":"https:\/\/campolina.org.br\/novo\/wp-json\/wp\/v2\/pages\/575","targetHints":{"allow":["GET"]}}],"collection":[{"href":"https:\/\/campolina.org.br\/novo\/wp-json\/wp\/v2\/pages"}],"about":[{"href":"https:\/\/campolina.org.br\/novo\/wp-json\/wp\/v2\/types\/page"}],"author":[{"embeddable":true,"href":"https:\/\/campolina.org.br\/novo\/wp-json\/wp\/v2\/users\/1"}],"replies":[{"embeddable":true,"href":"https:\/\/campolina.org.br\/novo\/wp-json\/wp\/v2\/comments?post=575"}],"version-history":[{"count":10,"href":"https:\/\/campolina.org.br\/novo\/wp-json\/wp\/v2\/pages\/575\/revisions"}],"predecessor-version":[{"id":15458,"href":"https:\/\/campolina.org.br\/novo\/wp-json\/wp\/v2\/pages\/575\/revisions\/15458"}],"wp:attachment":[{"href":"https:\/\/campolina.org.br\/novo\/wp-json\/wp\/v2\/media?parent=575"}],"curies":[{"name":"wp","href":"https:\/\/api.w.org\/{rel}","templated":true}]}}