{"id":2670,"date":"2022-02-02T14:39:34","date_gmt":"2022-02-02T17:39:34","guid":{"rendered":"https:\/\/www.campolina.org.br\/?page_id=2670"},"modified":"2026-02-19T18:51:17","modified_gmt":"2026-02-19T18:51:17","slug":"anuncie-seu-evento","status":"publish","type":"page","link":"https:\/\/campolina.org.br\/novo\/anuncie-seu-evento\/","title":{"rendered":"Anuncie seu Evento"},"content":{"rendered":"\n<section class=\"cdt\">\n<h5>Novo Evento<\/h5>\n<h3>A ABCC tem o prazer de v\u00ea-los realizando eventos e movimentando a ra\u00e7a!<\/h3>\n<p>Temos dois espa\u00e7os no nosso site que cumprem o papel de divulga\u00e7\u00e3o: o primeiro \u00e9 o banner principal, que fica no topo da p\u00e1gina inicial com maior visibilidade; e o segundo \u00e9 a \u00e1rea de &#8220;Agenda de Eventos&#8221;, onde divulgamos todos os pr\u00f3ximos encontros.<\/p>\n<p>Anuncie com a gente!<\/p>\n<h5>Dimens\u00f5es do An\u00fancio do Topo do site (banner rotativo)<\/h5>\n<style>\/*! elementor - v3.6.7 - 03-07-2022 *\/<br \/>.elementor-widget-image{text-align:center}.elementor-widget-image a{display:inline-block}.elementor-widget-image a img[src$=\".svg\"]{width:48px}.elementor-widget-image img{vertical-align:middle;display:inline-block}<\/style>\n<p><img loading=\"lazy\" decoding=\"async\" src=\"https:\/\/campolina.org.br\/novo\/wp-content\/uploads\/2021\/12\/medida-banner-topo-1024x576.png\" sizes=\"auto, (max-width: 800px) 100vw, 800px\" srcset=\"https:\/\/www.campolina.org.br\/novo\/wp-content\/uploads\/2021\/12\/medida-banner-topo-1024x576.png 1024w, https:\/\/www.campolina.org.br\/novo\/wp-content\/uploads\/2021\/12\/medida-banner-topo-300x169.png 300w, https:\/\/www.campolina.org.br\/novo\/wp-content\/uploads\/2021\/12\/medida-banner-topo-768x432.png 768w, https:\/\/www.campolina.org.br\/novo\/wp-content\/uploads\/2021\/12\/medida-banner-topo-1536x864.png 1536w, https:\/\/www.campolina.org.br\/novo\/wp-content\/uploads\/2021\/12\/medida-banner-topo-600x338.png 600w, https:\/\/www.campolina.org.br\/novo\/wp-content\/uploads\/2021\/12\/medida-banner-topo.png 1920w\" alt=\"\" width=\"800\" height=\"450\" \/><br \/>\nSendo a \u00e1rea mais escura a \u00e1rea de maior visualiza\u00e7\u00e3o em dispositivos m\u00f3veis.<br \/>\nInvestimento:<br \/>\nS\u00f3cios &#8211; R$250,00 mensal<br \/>\nN\u00e3o S\u00f3cios &#8211; R$500,00 mensal<\/p>\n<h5>Dimens\u00f5es do An\u00fancio da Se\u00e7\u00e3o de Eventos do site<\/h5>\n<p><img loading=\"lazy\" decoding=\"async\" src=\"https:\/\/campolina.org.br\/novo\/wp-content\/uploads\/2026\/02\/AREA-EVENTOS-NOVA-300x300.png\" alt=\"\" width=\"300\" height=\"300\" class=\"alignnone size-medium wp-image-15656\" srcset=\"https:\/\/campolina.org.br\/novo\/wp-content\/uploads\/2026\/02\/AREA-EVENTOS-NOVA-300x300.png 300w, https:\/\/campolina.org.br\/novo\/wp-content\/uploads\/2026\/02\/AREA-EVENTOS-NOVA-150x150.png 150w, https:\/\/campolina.org.br\/novo\/wp-content\/uploads\/2026\/02\/AREA-EVENTOS-NOVA-768x768.png 768w, https:\/\/campolina.org.br\/novo\/wp-content\/uploads\/2026\/02\/AREA-EVENTOS-NOVA.png 1024w\" sizes=\"auto, (max-width: 300px) 100vw, 300px\" \/><br \/>\nSendo a \u00e1rea mais escura a \u00e1rea de maior visualiza\u00e7\u00e3o em dispositivos m\u00f3veis.<br \/>\n\u00c9 de suma import\u00e2ncia que os formatos acima sejam respeitados para melhor adequa\u00e7\u00e3o ao layout do site. Imagens fora do padr\u00e3o podem gerar resultados inesperados, como cortes de informa\u00e7\u00f5es importantes ou quebra de layout, prejudicando assim a visibilidade n\u00e3o s\u00f3 de seu evento, mas dos demais. Caso n\u00e3o possua uma arte feita, uma padr\u00e3o nos moldes da identidade visual da ABCC ser\u00e1 feita por nossa equipe e ser\u00e1 usada enquanto a arte oficial n\u00e3o for enviada para a Comunica\u00e7\u00e3o.<\/p>\n<h5>Informa\u00e7\u00f5es b\u00e1sicas necess\u00e1rias<\/h5>\n<p>1 &#8211; Nome do evento<br \/>\n2 &#8211; Data do evento<br \/>\n3 &#8211; Localiza\u00e7\u00e3o: Cidade &#8211; UF (Exemplo: Belo Horizonte &#8211; MG);<br \/>\n4 &#8211; Respons\u00e1vel pelo evento: Pessoa\/N\u00facleo\/Haras, etc;<br \/>\n5 &#8211; Contato do evento: N\u00famero de telefone com DDD e nome do contato respons\u00e1vel pelo evento;<\/p>\n<p>Caso haja qualquer altera\u00e7\u00e3o nessas informa\u00e7\u00f5es, a mesma deve ser prontamente comunicada para que o evento possa ser atualizado no site!<\/p>\n<p>Todos os eventos cadastrados ser\u00e3o analisados pela diretoria da ABCC e s\u00f3 ap\u00f3s valida\u00e7\u00e3o eles ser\u00e3o divulgados.<br \/>\n<\/section>\n","protected":false},"excerpt":{"rendered":"<p>Novo Evento A ABCC tem o prazer de v\u00ea-los realizando eventos e movimentando a ra\u00e7a! Temos dois espa\u00e7os no nosso site que cumprem o papel de divulga\u00e7\u00e3o: o primeiro \u00e9 o banner principal, que fica no topo da p\u00e1gina inicial com maior visibilidade; e o segundo \u00e9 a \u00e1rea de &#8220;Agenda de Eventos&#8221;, onde divulgamos&#8230;<\/p>\n","protected":false},"author":1,"featured_media":0,"parent":0,"menu_order":0,"comment_status":"closed","ping_status":"closed","template":"","meta":{"_kad_post_transparent":"default","_kad_post_title":"default","_kad_post_layout":"default","_kad_post_sidebar_id":"","_kad_post_content_style":"default","_kad_post_vertical_padding":"default","_kad_post_feature":"","_kad_post_feature_position":"","_kad_post_header":false,"_kad_post_footer":false,"_kad_post_classname":"","footnotes":""},"class_list":["post-2670","page","type-page","status-publish","hentry"],"_hostinger_reach_plugin_has_subscription_block":false,"_hostinger_reach_plugin_is_elementor":false,"_links":{"self":[{"href":"https:\/\/campolina.org.br\/novo\/wp-json\/wp\/v2\/pages\/2670","targetHints":{"allow":["GET"]}}],"collection":[{"href":"https:\/\/campolina.org.br\/novo\/wp-json\/wp\/v2\/pages"}],"about":[{"href":"https:\/\/campolina.org.br\/novo\/wp-json\/wp\/v2\/types\/page"}],"author":[{"embeddable":true,"href":"https:\/\/campolina.org.br\/novo\/wp-json\/wp\/v2\/users\/1"}],"replies":[{"embeddable":true,"href":"https:\/\/campolina.org.br\/novo\/wp-json\/wp\/v2\/comments?post=2670"}],"version-history":[{"count":6,"href":"https:\/\/campolina.org.br\/novo\/wp-json\/wp\/v2\/pages\/2670\/revisions"}],"predecessor-version":[{"id":16060,"href":"https:\/\/campolina.org.br\/novo\/wp-json\/wp\/v2\/pages\/2670\/revisions\/16060"}],"wp:attachment":[{"href":"https:\/\/campolina.org.br\/novo\/wp-json\/wp\/v2\/media?parent=2670"}],"curies":[{"name":"wp","href":"https:\/\/api.w.org\/{rel}","templated":true}]}}