{"id":15608,"date":"2026-02-06T13:09:11","date_gmt":"2026-02-06T13:09:11","guid":{"rendered":"https:\/\/campolina.org.br\/novo\/?page_id=15608"},"modified":"2026-02-09T14:29:27","modified_gmt":"2026-02-09T14:29:27","slug":"historia-da-raca","status":"publish","type":"page","link":"https:\/\/campolina.org.br\/novo\/historia-da-raca\/","title":{"rendered":"Hist\u00f3ria da Ra\u00e7a"},"content":{"rendered":"\n<section class=\"cdt\">\n<img loading=\"lazy\" decoding=\"async\" class=\"size-full wp-image-15634 aligncenter\" src=\"https:\/\/campolina.org.br\/novo\/wp-content\/uploads\/2026\/02\/IMG_4482-192x300-1.jpg\" alt=\"\" width=\"192\" height=\"300\" \/><br \/>\nEm 1870, Cassiano Campolina, nascido em 10 de julho de 1836, na cidade de S\u00e3o Br\u00e1s do Sua\u00e7u\u00ed, do termo de Entre Rios de Minas\/MG, ganhou do Imperador D. Pedro II a \u00e9gua Med\u00e9ia. Ela estava prenhe de um garanh\u00e3o Andaluz e desse acasalamento nasceu Monarca, cavalo que na fazenda do Tanque (, contribuiu decisivamente na forma\u00e7\u00e3o da ra\u00e7a Campolina.<\/p>\n<p>Cassiano come\u00e7ou seu trabalho, objetivando criar cavalos de grande porte, \u00e1geis, resistentes e de beleza inigual\u00e1vel. Para isso, cruzou e selecionou ra\u00e7as de cavalo tais como, Puro Sangue Ingl\u00eas, Anglo-Normando e animais de origem Ib\u00e9rica.<br \/>\nEm 1904, ap\u00f3s anos trabalhando firme em seu prop\u00f3sito, faleceu Cassiano Campolina em Entre Rios de Minas. Coube a um de seus herdeiros, o Tenente Coronel Joaquim Pacheco de Resende e sua fam\u00edlia, cumprir o seu legado, criando, selecionando e aperfei\u00e7oando a ra\u00e7a Campolina.<\/p>\n<p>Na d\u00e9cada de 30 foi criado o Cons\u00f3rcio Profissional Cooperativo dos Criadores da Ra\u00e7a Campolina liderado por, Paulo Rocha Lag\u00f4a , Joaquim Resende, Waldemar Urbano, Cel. Am\u00e9rico de Oliveira, Cel. Gabriel Augusto de Andrade, Bolivar de Andrade, Antonio Dutra, Herculano de Abreu, Renato Pereira Sobrinho , Asc\u00e2nio Diniz e tantos outros.<\/p>\n<p>Ap\u00f3s aproximadamente 70 anos desenvolvendo a ra\u00e7a conforme as refer\u00eancias de cada criador, tornou-se necess\u00e1rio definir um padr\u00e3o racial para que todos pudessem unir esfor\u00e7os e aperfei\u00e7oar a ra\u00e7a conforme suas caracter\u00edsticas oficiais.<\/p>\n<p>A Associa\u00e7\u00e3o Brasileira dos Criadores do Cavalo Campolina foi fundada em 1951, com sede em Belo Horizonte, tendo como seu primeiro Presidente o criador Bolivar de Andrade da Fazenda Campo Grande, situada no munic\u00edpio de Passa Tempo, Minas Gerais.<\/p>\n<p>Hoje, todos os criadores da ra\u00e7a s\u00e3o respons\u00e1veis pela continuidade dessa hist\u00f3ria que ganha mais admiradores e se consolida a cada ano.<br \/>\n<\/section>\n","protected":false},"excerpt":{"rendered":"<p>Em 1870, Cassiano Campolina, nascido em 10 de julho de 1836, na cidade de S\u00e3o Br\u00e1s do Sua\u00e7u\u00ed, do termo de Entre Rios de Minas\/MG, ganhou do Imperador D. Pedro II a \u00e9gua Med\u00e9ia. Ela estava prenhe de um garanh\u00e3o Andaluz e desse acasalamento nasceu Monarca, cavalo que na fazenda do Tanque (, contribuiu decisivamente&#8230;<\/p>\n","protected":false},"author":1,"featured_media":0,"parent":0,"menu_order":0,"comment_status":"closed","ping_status":"closed","template":"","meta":{"_kad_post_transparent":"default","_kad_post_title":"default","_kad_post_layout":"default","_kad_post_sidebar_id":"","_kad_post_content_style":"default","_kad_post_vertical_padding":"default","_kad_post_feature":"","_kad_post_feature_position":"","_kad_post_header":false,"_kad_post_footer":false,"_kad_post_classname":"","footnotes":""},"class_list":["post-15608","page","type-page","status-publish","hentry"],"_hostinger_reach_plugin_has_subscription_block":false,"_hostinger_reach_plugin_is_elementor":false,"_links":{"self":[{"href":"https:\/\/campolina.org.br\/novo\/wp-json\/wp\/v2\/pages\/15608","targetHints":{"allow":["GET"]}}],"collection":[{"href":"https:\/\/campolina.org.br\/novo\/wp-json\/wp\/v2\/pages"}],"about":[{"href":"https:\/\/campolina.org.br\/novo\/wp-json\/wp\/v2\/types\/page"}],"author":[{"embeddable":true,"href":"https:\/\/campolina.org.br\/novo\/wp-json\/wp\/v2\/users\/1"}],"replies":[{"embeddable":true,"href":"https:\/\/campolina.org.br\/novo\/wp-json\/wp\/v2\/comments?post=15608"}],"version-history":[{"count":5,"href":"https:\/\/campolina.org.br\/novo\/wp-json\/wp\/v2\/pages\/15608\/revisions"}],"predecessor-version":[{"id":15644,"href":"https:\/\/campolina.org.br\/novo\/wp-json\/wp\/v2\/pages\/15608\/revisions\/15644"}],"wp:attachment":[{"href":"https:\/\/campolina.org.br\/novo\/wp-json\/wp\/v2\/media?parent=15608"}],"curies":[{"name":"wp","href":"https:\/\/api.w.org\/{rel}","templated":true}]}}