{"id":1318,"date":"2021-10-22T17:15:38","date_gmt":"2021-10-22T20:15:38","guid":{"rendered":"https:\/\/abcc.benta.digital\/?page_id=1318"},"modified":"2026-02-23T19:38:25","modified_gmt":"2026-02-23T19:38:25","slug":"cdt","status":"publish","type":"page","link":"https:\/\/campolina.org.br\/novo\/cdt\/","title":{"rendered":"CDT"},"content":{"rendered":"\n<section class=\"cdt\">\n<div class=\"row\">\n<div class=\"col-12 col-lg-4\">\n<h3>SUPERINTENDENTE DO REGISTRO GENEAL\u00d3GICO<\/h3>\n<p>Thom\u00e1s de Oliveira Vasconcelos\n<\/p><\/div>\n<div class=\"col-12 col-lg-4\">\n<h3>MEMBROS T\u00c9CNICOS<\/h3>\n<p>Alessandro Moreira Proc\u00f3pio<br \/>\nJuliano Campos Lanza<br \/>\n\u2060Raissa Antunes Martins<br \/>\n\u2060Talita Vicino Rodrigues<br \/>\n\u2060Vasco Pra\u00e7a Filho<br \/>\n\u2060Leonardo Lemgruber da Costa e Silva (Suplente)<br \/>\n\u2060Edson Roberto de Carvalho Bacelar (Suplente)<\/p>\n<\/div>\n<div class=\"col-12 col-lg-4\">\n<h3>MEMBROS CRIADORES<\/h3>\n<p>\u2060Charles Marx Nascimento Almeida<br \/>\nH\u00e9lio Martins Costa<br \/>\nJorgge Lib\u00f3rio de Freitas<br \/>\nJos\u00e9 Henrique Dias Salvador<br \/>\n\u2060Nelson Grassi Melo Franco<br \/>\nPaulo Mendes Martins Mariotti<br \/>\n\u2060Pedro Hermanny Diniz (Suplente)\n<\/p><\/div>\n<\/div>\n<\/section>\n","protected":false},"excerpt":{"rendered":"<p>SUPERINTENDENTE DO REGISTRO GENEAL\u00d3GICO Thom\u00e1s de Oliveira Vasconcelos MEMBROS T\u00c9CNICOS Alessandro Moreira Proc\u00f3pio Juliano Campos Lanza \u2060Raissa Antunes Martins \u2060Talita Vicino Rodrigues \u2060Vasco Pra\u00e7a Filho \u2060Leonardo Lemgruber da Costa e Silva (Suplente) \u2060Edson Roberto de Carvalho Bacelar (Suplente) MEMBROS CRIADORES \u2060Charles Marx Nascimento Almeida H\u00e9lio Martins Costa Jorgge Lib\u00f3rio de Freitas Jos\u00e9 Henrique Dias Salvador&#8230;<\/p>\n","protected":false},"author":1,"featured_media":0,"parent":0,"menu_order":0,"comment_status":"closed","ping_status":"closed","template":"","meta":{"_kad_post_transparent":"default","_kad_post_title":"default","_kad_post_layout":"default","_kad_post_sidebar_id":"","_kad_post_content_style":"default","_kad_post_vertical_padding":"default","_kad_post_feature":"","_kad_post_feature_position":"","_kad_post_header":false,"_kad_post_footer":false,"_kad_post_classname":"","footnotes":""},"class_list":["post-1318","page","type-page","status-publish","hentry"],"_hostinger_reach_plugin_has_subscription_block":false,"_hostinger_reach_plugin_is_elementor":false,"_links":{"self":[{"href":"https:\/\/campolina.org.br\/novo\/wp-json\/wp\/v2\/pages\/1318","targetHints":{"allow":["GET"]}}],"collection":[{"href":"https:\/\/campolina.org.br\/novo\/wp-json\/wp\/v2\/pages"}],"about":[{"href":"https:\/\/campolina.org.br\/novo\/wp-json\/wp\/v2\/types\/page"}],"author":[{"embeddable":true,"href":"https:\/\/campolina.org.br\/novo\/wp-json\/wp\/v2\/users\/1"}],"replies":[{"embeddable":true,"href":"https:\/\/campolina.org.br\/novo\/wp-json\/wp\/v2\/comments?post=1318"}],"version-history":[{"count":6,"href":"https:\/\/campolina.org.br\/novo\/wp-json\/wp\/v2\/pages\/1318\/revisions"}],"predecessor-version":[{"id":16063,"href":"https:\/\/campolina.org.br\/novo\/wp-json\/wp\/v2\/pages\/1318\/revisions\/16063"}],"wp:attachment":[{"href":"https:\/\/campolina.org.br\/novo\/wp-json\/wp\/v2\/media?parent=1318"}],"curies":[{"name":"wp","href":"https:\/\/api.w.org\/{rel}","templated":true}]}}