{"id":1179,"date":"2021-10-22T12:20:51","date_gmt":"2021-10-22T15:20:51","guid":{"rendered":"https:\/\/abcc.benta.digital\/?page_id=1179"},"modified":"2026-03-09T18:50:20","modified_gmt":"2026-03-09T18:50:20","slug":"tecnicos-e-jurados","status":"publish","type":"page","link":"https:\/\/campolina.org.br\/novo\/tecnicos-e-jurados\/","title":{"rendered":"T\u00e9cnicos e Jurados"},"content":{"rendered":"\n<section class=\"cdt\">\n<div class=\"row\">\n<div class=\"col col-12 col-lg-4\">\n<h5>T\u00c9CNICOS<\/h5>\n<p><strong>Bahia<\/strong><br \/>\nEdson Roberto de C. Bacelar<br \/>\n(75) 99212-7708<\/p>\n<p>Vitor Monteiro de Carvalho<br \/>\n(71) 98807-7313<\/p>\n<p><strong>Distrito Federal<\/strong><br \/>\nMarina F. Zimmermann<br \/>\n(61) 99275-7338<\/p>\n<p>Talita Vicino Rodrigues<br \/>\n(41) 99124-4245<\/p>\n<p><strong>Goi\u00e1s<\/strong><br \/>\nGet\u00falio Ribeiro da Silva<br \/>\n(61) 99649-9774<\/p>\n<p><strong>Minas Gerais<\/strong><br \/>\nFelipe Costa Debossan<br \/>\n(31) 99932-4799<\/p>\n<p>Jos\u00e9 Cabral Gomes Barbosa<br \/>\n(32) 99848-1449<\/p>\n<p>L\u00edvia Braga Valle<br \/>\n(31) 99301-4938<\/p>\n<p>Pamella Grossi<br \/>\n(32) 99902-7335<\/p>\n<p>Rodrigo Geraldo Fernandes<br \/>\n(37)99963-8981<\/p>\n<p><strong>Paran\u00e1<\/strong><br \/>\nTalita Vicino Rodrigues<br \/>\n(41) 99124-4245<\/p>\n<p><strong>Pernambuco<\/strong><br \/>\nS\u00edlvio Romero Marques<br \/>\n(81) 99674-9670<\/p>\n<p>Jo\u00e3o Lu\u00eds Vasconcelos<br \/>\n(81) 98841-4028<\/p>\n<p>Mercio Peixoto<br \/>\n(81) 99669-7009<\/p>\n<p><strong>Rio de Janeiro<\/strong><br \/>\nLeonardo Lemgruber Costa e Silva<br \/>\n(21) 99225-0995<\/p>\n<p>Marcelo Lu\u00eds Alves da Silva<br \/>\n(21) 99985-5453<\/p>\n<p>Marcos Val\u00e9rio P. Xavier<br \/>\n(22) 98133-3906<\/p>\n<p>Raissa Antunes Martins<br \/>\n(31) 97356-6633<\/p>\n<p><strong>S\u00e3o Paulo<\/strong><br \/>\nLeonardo Lemgruber Costa e Silva<br \/>\n(21) 99225-0995<\/p>\n<p><strong>Tocantins<\/strong><br \/>\nMarcio Gianordoli Teixeira Gomes<br \/>\n(63) 99956-5115\n<\/div>\n<div class=\"col col-12 col-lg-4\">\n<h5>JURADOS \u2013 Marcha e Morfologia<\/h5>\n<p>Andr\u00e9 Fleury A. Costa<br \/>\n(19) 99717-6080<\/p>\n<p>Agnaldo Machado de Andrade<br \/>\n(32) 99928-4232<\/p>\n<p>Eduardo Santos Brunelli<br \/>\n(31) 99982-0394<\/p>\n<p>Elmar Batista Moreira Filho<br \/>\n(32) 99989-6616<\/p>\n<p>Em\u00edlio Renato Silva<br \/>\n(31) 99198-6831<\/p>\n<p>Felipe Amorim Caetano de Souza<br \/>\n(32) 99811-2348<\/p>\n<p>Guilherme Zagnoli de Jesus<br \/>\n(31) 99516-4949<\/p>\n<p>Jo\u00e3o Augusto Rodrigues Caldas Varella<br \/>\n(32) 99986-2384<\/p>\n<p>Luiz Ant\u00f4nio Nascimento J\u00fanior<br \/>\n(62) 98414-4040<\/p>\n<p>Matheus Ramos Cordeiro Pereira<br \/>\n(24) 99299-9139<\/p>\n<p>Otto Rapalo Mol<br \/>\n(31) 98327-2384<\/p>\n<p>Philipe Ferreira Alcici<br \/>\n(31) 99786-0127<\/p>\n<p>Pl\u00ednio Augusto Coelho Amaral<br \/>\n(37) 99911-0600<\/p>\n<p>Rog\u00e9rio Borges Filho<br \/>\n(11) 99561-8610<\/p>\n<p>Rog\u00e9rio Santos Cerqueira<br \/>\n(75) 99905-0525<\/p>\n<p>Samuel Andrade Pinto<br \/>\n(31) 99919-0229<\/p>\n<p>Tel\u00e9sforo Felipe Ferreira<br \/>\n(31) 99717-4019<\/p>\n<p>Thales Torres Ferreira Santos<br \/>\n(31) 99423-5215<\/p>\n<p>Victor Augusto Costa Andrade<br \/>\n(31) 98747-9757<\/p>\n<p>Vin\u00edcius de Oliveira da Silva<br \/>\n(19) 99643-0184<\/p>\n<p>Wilian Alexandre Lima da Corte<br \/>\n(31) 99681-0262\n<\/p><\/div>\n<div class=\"col col-12 col-lg-4\">\n<h5>JURADOS \u2013 Apenas Morfologia<\/h5>\n<p>Alessandro M. Proc\u00f3pio<br \/>\n(31) 99115-8558<\/p>\n<p>Jorge Eduardo C. Lucena<br \/>\n(81) 99252-0497<\/p>\n<p>Paulo Renato P. Tavares<br \/>\n(31) 99308-4138\n<\/p><\/div>\n<\/div>\n<\/section>\n","protected":false},"excerpt":{"rendered":"<p>T\u00c9CNICOS Bahia Edson Roberto de C. Bacelar (75) 99212-7708 Vitor Monteiro de Carvalho (71) 98807-7313 Distrito Federal Marina F. Zimmermann (61) 99275-7338 Talita Vicino Rodrigues (41) 99124-4245 Goi\u00e1s Get\u00falio Ribeiro da Silva (61) 99649-9774 Minas Gerais Felipe Costa Debossan (31) 99932-4799 Jos\u00e9 Cabral Gomes Barbosa (32) 99848-1449 L\u00edvia Braga Valle (31) 99301-4938 Pamella Grossi (32)&#8230;<\/p>\n","protected":false},"author":1,"featured_media":0,"parent":0,"menu_order":0,"comment_status":"closed","ping_status":"closed","template":"","meta":{"_kad_post_transparent":"default","_kad_post_title":"default","_kad_post_layout":"default","_kad_post_sidebar_id":"","_kad_post_content_style":"default","_kad_post_vertical_padding":"default","_kad_post_feature":"","_kad_post_feature_position":"","_kad_post_header":false,"_kad_post_footer":false,"_kad_post_classname":"","footnotes":""},"class_list":["post-1179","page","type-page","status-publish","hentry"],"_hostinger_reach_plugin_has_subscription_block":false,"_hostinger_reach_plugin_is_elementor":false,"_links":{"self":[{"href":"https:\/\/campolina.org.br\/novo\/wp-json\/wp\/v2\/pages\/1179","targetHints":{"allow":["GET"]}}],"collection":[{"href":"https:\/\/campolina.org.br\/novo\/wp-json\/wp\/v2\/pages"}],"about":[{"href":"https:\/\/campolina.org.br\/novo\/wp-json\/wp\/v2\/types\/page"}],"author":[{"embeddable":true,"href":"https:\/\/campolina.org.br\/novo\/wp-json\/wp\/v2\/users\/1"}],"replies":[{"embeddable":true,"href":"https:\/\/campolina.org.br\/novo\/wp-json\/wp\/v2\/comments?post=1179"}],"version-history":[{"count":7,"href":"https:\/\/campolina.org.br\/novo\/wp-json\/wp\/v2\/pages\/1179\/revisions"}],"predecessor-version":[{"id":16086,"href":"https:\/\/campolina.org.br\/novo\/wp-json\/wp\/v2\/pages\/1179\/revisions\/16086"}],"wp:attachment":[{"href":"https:\/\/campolina.org.br\/novo\/wp-json\/wp\/v2\/media?parent=1179"}],"curies":[{"name":"wp","href":"https:\/\/api.w.org\/{rel}","templated":true}]}}